{"id":507,"date":"2020-12-20T23:22:31","date_gmt":"2020-12-20T23:22:31","guid":{"rendered":"https:\/\/mwoaa.com\/?page_id=507"},"modified":"2022-05-14T09:36:50","modified_gmt":"2022-05-14T08:36:50","slug":"mentions-legales","status":"publish","type":"page","link":"https:\/\/mwoaa.com\/en\/mentions-legales\/","title":{"rendered":"Terms of Use"},"content":{"rendered":"<p>[et_pb_section fb_built=&#8221;1&#8243; _builder_version=&#8221;4.7.4&#8243; _module_preset=&#8221;default&#8221; background_color=&#8221;#57081b&#8221; custom_margin=&#8221;0px||0px||false|false&#8221; custom_padding=&#8221;31px||0px||false|false&#8221;][et_pb_row _builder_version=&#8221;4.7.4&#8243; _module_preset=&#8221;default&#8221;][et_pb_column type=&#8221;4_4&#8243; _builder_version=&#8221;4.7.4&#8243; _module_preset=&#8221;default&#8221;][et_pb_text _builder_version=&#8221;4.7.4&#8243; _module_preset=&#8221;default&#8221; header_font=&#8221;|600|||||||&#8221;]<\/p>\n<h1 style=\"text-align: left;\">Mentions l\u00e9gales<\/h1>\n<p>[\/et_pb_text][et_pb_text _builder_version=&#8221;4.7.4&#8243; _module_preset=&#8221;default&#8221; text_font=&#8221;|300|||||||&#8221; text_letter_spacing=&#8221;1px&#8221; custom_margin=&#8221;||20px||false|false&#8221; custom_padding=&#8221;||100px||false|false&#8221; hover_enabled=&#8221;0&#8243; sticky_enabled=&#8221;0&#8243;]<\/p>\n<p><strong>Mwoaa.com <\/strong>appartient \u00e0 l&#8217;entreprise Drouillot Marjorie EI,\u00a091000 Evry, France<\/p>\n<p><strong>N\u00b0 SIRET:\u00a0<\/strong>841358864<br \/> TVA non applicable, article 293B du CGI<br \/> TVA intracommunautaire : FR28841358864<strong><br \/> <\/strong><br \/> <strong>Email: <\/strong><a href=\"mailto:mwoaa.collection@gmail.com\">mwoaa.collection@gmail.com<\/a><br \/> <strong><br \/> H\u00e9bergement:\u00a0<\/strong>O2Switch<\/p>\n<p>Toutes les r\u00e9alisations, les visuels et produits ainsi que tous les \u00e9l\u00e9ments du site &#8220;Mwoaa.com&#8221; (textes, \u00e9l\u00e9ments graphiques et photographiques) sont prot\u00e9g\u00e9s par les droits d\u2019auteur et de la propri\u00e9t\u00e9 intellectuelle.\u00a0<span>Tous les droits concernant l\u2019int\u00e9gralit\u00e9 des produits et r\u00e9alisations publi\u00e9s pour leur affichage et leur promotion sur le site &#8220;Mwoaa.com&#8221;, sur les r\u00e9seaux sociaux ou par d\u2019autres circuits de distribution, sont exclusivement r\u00e9serv\u00e9s \u00e0 &#8220;Mwoaa.com&#8221;.<\/span><\/p>\n<p><span>Sauf autorisation formelle \u00e9crite pr\u00e9alable, toutes reproductions, utilisations ou modifications, par quelconque proc\u00e9d\u00e9 et\/ou support que ce soit, partielle ou totale d\u2019une cr\u00e9ation<\/span>, autre que la consultation individuelle et priv\u00e9e, sont interdites.<\/p>\n<p>Les diff\u00e9rentes licences qui peuvent \u00eatre illustr\u00e9es ou repr\u00e9sent\u00e9es sur le site &#8220;Mwoaa.com&#8221; restent la propri\u00e9t\u00e9 enti\u00e8re des ayants droits.<\/p>\n<p>[\/et_pb_text][\/et_pb_column][\/et_pb_row][\/et_pb_section]<\/p>\n","protected":false},"excerpt":{"rendered":"<p>Mentions l\u00e9galesMwoaa.com appartient \u00e0 l&#8217;entreprise Drouillot Marjorie EI,\u00a091000 Evry, France N\u00b0 SIRET:\u00a0841358864 TVA non applicable, article 293B du CGI TVA intracommunautaire : FR28841358864 Email: mwoaa.collection@gmail.com H\u00e9bergement:\u00a0O2Switch Toutes les r\u00e9alisations, les visuels et produits ainsi que tous les \u00e9l\u00e9ments du site &#8220;Mwoaa.com&#8221; (textes, \u00e9l\u00e9ments graphiques et photographiques) sont prot\u00e9g\u00e9s par les droits d\u2019auteur et de la [&hellip;]<\/p>\n","protected":false},"author":2,"featured_media":0,"parent":0,"menu_order":0,"comment_status":"closed","ping_status":"closed","template":"","meta":{"_et_pb_use_builder":"on","_et_pb_old_content":"","_et_gb_content_width":"","footnotes":""},"class_list":["post-507","page","type-page","status-publish","hentry"],"jetpack_sharing_enabled":true,"_links":{"self":[{"href":"https:\/\/mwoaa.com\/en\/wp-json\/wp\/v2\/pages\/507","targetHints":{"allow":["GET"]}}],"collection":[{"href":"https:\/\/mwoaa.com\/en\/wp-json\/wp\/v2\/pages"}],"about":[{"href":"https:\/\/mwoaa.com\/en\/wp-json\/wp\/v2\/types\/page"}],"author":[{"embeddable":true,"href":"https:\/\/mwoaa.com\/en\/wp-json\/wp\/v2\/users\/2"}],"replies":[{"embeddable":true,"href":"https:\/\/mwoaa.com\/en\/wp-json\/wp\/v2\/comments?post=507"}],"version-history":[{"count":12,"href":"https:\/\/mwoaa.com\/en\/wp-json\/wp\/v2\/pages\/507\/revisions"}],"predecessor-version":[{"id":4170,"href":"https:\/\/mwoaa.com\/en\/wp-json\/wp\/v2\/pages\/507\/revisions\/4170"}],"wp:attachment":[{"href":"https:\/\/mwoaa.com\/en\/wp-json\/wp\/v2\/media?parent=507"}],"curies":[{"name":"wp","href":"https:\/\/api.w.org\/{rel}","templated":true}]}}