{"id":3,"date":"2020-11-05T16:57:20","date_gmt":"2020-11-05T16:57:20","guid":{"rendered":"https:\/\/mwoaa.com\/?page_id=3"},"modified":"2024-07-20T16:32:57","modified_gmt":"2024-07-20T15:32:57","slug":"conditions-generales-de-vente","status":"publish","type":"page","link":"https:\/\/mwoaa.com\/en\/conditions-generales-de-vente\/","title":{"rendered":"Terms of Sale"},"content":{"rendered":"<p>[et_pb_section fb_built=&#8221;1&#8243; _builder_version=&#8221;4.16&#8243; _module_preset=&#8221;default&#8221; background_color=&#8221;#57081b&#8221; custom_margin=&#8221;0px||0px||false|false&#8221; custom_padding=&#8221;31px||0px||false|false&#8221; global_colors_info=&#8221;{}&#8221;][et_pb_row _builder_version=&#8221;4.16&#8243; _module_preset=&#8221;default&#8221; global_colors_info=&#8221;{}&#8221;][et_pb_column type=&#8221;4_4&#8243; _builder_version=&#8221;4.16&#8243; _module_preset=&#8221;default&#8221; global_colors_info=&#8221;{}&#8221;][et_pb_text _builder_version=&#8221;4.16&#8243; _module_preset=&#8221;default&#8221; header_font=&#8221;|600|||||||&#8221; global_colors_info=&#8221;{}&#8221;]<\/p>\n<h1 style=\"text-align: left;\">Conditions g\u00e9n\u00e9rales de vente<\/h1>\n<p>[\/et_pb_text][et_pb_text _builder_version=&#8221;4.27.0&#8243; _module_preset=&#8221;default&#8221; text_font=&#8221;|300|||||||&#8221; text_letter_spacing=&#8221;1px&#8221; hover_enabled=&#8221;0&#8243; global_colors_info=&#8221;{}&#8221; sticky_enabled=&#8221;0&#8243;]<\/p>\n<p><span>Les pr\u00e9sentes conditions g\u00e9n\u00e9rales de vente ont pour objet de d\u00e9finir les droits et obligations des parties dans le cadre de la vente en ligne des produits propos\u00e9s sur le site &#8220;Mwoaa.com&#8221;, appartenant<\/span>\u00a0\u00e0 l\u2019entreprise Drouillot Marjorie EI, 91000 Evry, France<span>. En visitant et\/ou en achetant vous acceptez les pr\u00e9sentes conditions g\u00e9n\u00e9rales de vente. Merci de les lire avec attention avant de naviguer et\/ou d&#8217;acheter sur le site &#8220;Mwoaa.com&#8221;.<\/span><\/p>\n<h3>1. Commande<\/h3>\n<p>Toute confirmation de commande par le client constitue une acceptation irr\u00e9vocable des pr\u00e9sentes conditions g\u00e9n\u00e9rales de vente, sans exception ni r\u00e9serve. La confirmation de commande par le client vaudra signature et acceptation des op\u00e9rations effectu\u00e9es. &#8220;<span>Mwoaa.com&#8221; se r\u00e9serve la possibilit\u00e9 de ne pas confirmer une commande pour quelque raison que ce soit, notamment concernant un probl\u00e8me d\u2019approvisionnement de produits, \u00e0 des d\u00e9fauts de fabrication, ou un probl\u00e8me li\u00e9 \u00e0 la commande re\u00e7ue.\u00a0Il appartient \u00e0 l\u2019acheteur de soigneusement v\u00e9rifier les informations transmises lors de sa commande.<\/span><\/p>\n<h3>2. Paiement<\/h3>\n<p><span>Les prix sur le site &#8220;Mwoaa.com&#8221; sont exprim\u00e9s en Euros (\u20ac). Les prix peuvent varier \u00e0 n&#8217;importe quel moment et sans quelconque motif. Le fait de valider la commande implique pour le client l&#8217;obligation de payer le prix indiqu\u00e9. Le prix des articles n&#8217;incluent pas le prix des frais de port. Les frais de port factur\u00e9s incluent les frais d\u2019exp\u00e9dition ainsi que les frais de pr\u00e9paration de votre commande. Ils sont calcul\u00e9s en fonction du poids des articles, pendant le checkout. Le r\u00e8glement de la totalit\u00e9 du prix est d\u00fb au moment de la commande. C\u2019est ce r\u00e8glement qui d\u00e9clenche l\u2019ex\u00e9cution de la commande.<\/span><\/p>\n<h3>3. D\u00e9lai de r\u00e9tractation<\/h3>\n<p>Selon l\u2019article\u00a0L121-21 du code de la consommation de la loi Fran\u00e7aise , l\u2019acheteur peut exercer un droit de r\u00e9tractation sous 14 jours ouvrables.<span>\u00a0<\/span><span>La charge de la preuve de l\u2019exercice du droit de r\u00e9tractation dans les conditions pr\u00e9vues au pr\u00e9sent article p\u00e8se sur le consommateur.\u00a0Les produits seront retourn\u00e9s aux frais de l\u2019acheteur et devront l\u2019\u00eatre dans leur \u00e9tat et leur emballage d\u2019origine. Ils ne devront pas avoir \u00e9t\u00e9 utilis\u00e9s, ni avoir subis de d\u00e9t\u00e9rioration. Les articles devront \u00eatre retourn\u00e9s au plus tard 14 jours apr\u00e8s le choix de r\u00e9tractation. N\u2019h\u00e9sitez pas \u00e0 me contacter, je vous indiquerai comment correctement renvoyer les produits.<\/span><\/p>\n<p><span>Je proc\u00e9derai au remboursement des marchandises dans un d\u00e9lai de 30 jours apr\u00e8s retour et v\u00e9rification de celles-ci. Les produits seront rembours\u00e9s via la m\u00e9thode de paiement d\u2019origine. En cas de d\u00e9t\u00e9rioration de la marchandise, une d\u00e9cote pourra \u00eatre appliqu\u00e9e en fonction des d\u00e9g\u00e2ts pouvant aller jusqu\u2019\u00e0 50% du prix d\u2019achat.<\/span><\/p>\n<p><span>Pass\u00e9 le d\u00e9lai l\u00e9gal de r\u00e9tractation, je n\u2019accepte plus les retours. Tous les produits personnalis\u00e9s ne sont pas remboursables.<\/span><\/p>\n<h3>4. Disponibilit\u00e9<\/h3>\n<p>Les produits sur le site &#8220;Mwoaa.com&#8221; sont propos\u00e9s dans la limite des stocks disponibles. En cas d&#8217;indisponibilit\u00e9 de certain produit apr\u00e8s une commande pass\u00e9e, vous en serez inform\u00e9 par mail. Votre commande pourra \u00eatre mise en attente de nouveau stock disponible ou \u00eatre annul\u00e9e et aucun d\u00e9bit bancaire ne sera effectu\u00e9.<\/p>\n<h3>5. Livraison<\/h3>\n<p>Toutes les commandes sont exp\u00e9di\u00e9es depuis la France via La Poste. Elles sont g\u00e9n\u00e9ralement pr\u00e9par\u00e9es et post\u00e9es sous 3 jours.<\/p>\n<p>L\u2019exp\u00e9dition suivie, le recommand\u00e9 (pour la France uniquement) ou le Colissimo vous permettra de suivre votre commande sur le site de La Poste avec un num\u00e9ro de suivi. <span>Le num\u00e9ro de suivi vous sera communiqu\u00e9 lors de la finalisation de votre commande afin de pouvoir suivre l\u2019\u00e9tat d\u2019avancement de la livraison.\u00a0Une fois votre commande arriv\u00e9e dans le pays de destination, dans la majorit\u00e9 des cas vous pourrez utiliser votre num\u00e9ro de suivi sur le site web du service postal de votre propre pays.\u00a0<\/span><\/p>\n<p>Toutes les commandes seront envoy\u00e9es \u00e0 l\u2019adresse d\u2019exp\u00e9dition renseign\u00e9e lors du checkout.<\/p>\n<p>Les colis en dehors de l\u2019Europe peuvent \u00eatre sujet \u00e0 des taxes d\u2019importation qui d\u00e9pendent des services de Douane du pays de destination. Je ne peux \u00eatre tenue pour responsable d\u2019\u00e9ventuels surco\u00fbts ind\u00e9pendants de ma volont\u00e9 li\u00e9s \u00e0 ces taxes. En achetant sur ce site web \u201cMwoaa.com\u201d, vous acceptez le fait que votre commande soit \u00e9ventuellement imputable de taxes d\u2019importations, et qu\u2019il est de la responsabilit\u00e9 de l\u2019acheteur de les r\u00e9gler.<\/p>\n<p><span>Pour plus d\u2019informations \u00e0 propos des frais de ports,\u00a0<\/span><a href=\"https:\/\/mwoaa.com\/livraisons-retours\/\" target=\"_blank\" rel=\"noopener\">cliquez ici<\/a><span>.<\/span><\/p>\n<h3>6. D\u00e9lais<\/h3>\n<p>En plus du d\u00e9lai de pr\u00e9paration, comptez environ 3 jours pour les commandes \u00e0 destination de la France, entre 5 \u00e0 10 jours pour les commandes \u00e0 destination de l\u2019Europe et de 1 \u00e0 3 semaines pour les commandes \u00e0 destination du reste du monde (notez que ces d\u00e9lais estimatifs peuvent varier en fonction des pays de destination, des p\u00e9riodes d\u2019achat comme No\u00ebl, et d\u2019autres facteurs ind\u00e9pendants de ma volont\u00e9).<\/p>\n<p>Veuillez s\u2019il vous plait patienter au moins 30 jours ouvrables avant de me contacter concernant un \u00e9ventuel probl\u00e8me \u00e0 propos de la livrasion de votre commande. Cependant, en cas de perte par les services postaux ou de d\u00e9lai anormalement long, je ne serais pas en mesure de vous aider si vous choisissez une exp\u00e9dition standard (sans num\u00e9ro de suivi).<\/p>\n<h3>7. Garantie<\/h3>\n<p><strong>\u00c0 propos des r\u00e9alisations uniques et personnelles:<\/strong><\/p>\n<p><span>Chacune de ces cr\u00e9ations \u00e9tant r\u00e9alis\u00e9es de fa\u00e7on artistique et \u00e0 la main, elles ne pourront \u00eatre \u00e9chang\u00e9es ou rembours\u00e9es sous pr\u00e9texte d\u2019une non-conformit\u00e9 visuelle ou de dimensions. Toutes les photos n\u00e9c\u00e9ssaires seront consultables sur le site &#8220;Mwoaa.com&#8221; et en cas de commande personnalis\u00e9es, envoy\u00e9es par mail pour confirmation avant la r\u00e9alisation du paiement.<br \/><\/span><span>Les dimensions annonc\u00e9es sur le site peuvent l\u00e9g\u00e8rement varier. Les couleurs \u00e0 l\u2019\u00e9cran peuvent diff\u00e9rer de l\u2019original. L\u2019acheteur s\u2019engage \u00e0 accepter ces diff\u00e9rences.<\/span><\/p>\n<p><strong>\u00c0 propos des reproductions imprim\u00e9es ou des produits manufactur\u00e9s:<\/strong><\/p>\n<p>Tous ces produits b\u00e9n\u00e9ficient de la garantie l\u00e9gale de conformit\u00e9 et de la garantie des vices cach\u00e9s, pr\u00e9vues par les articles 1641 et suivants du Code civil. En cas de non-conformit\u00e9 d&#8217;un produit vendu, il pourra \u00eatre retourn\u00e9, \u00e9chang\u00e9 ou rembours\u00e9.<\/p>\n<p><span>J\u2019accorde un soin particulier \u00e0 ce que toutes les commandes soient correctement emball\u00e9es et prot\u00e9g\u00e9es. Veulliez noter que je ne suis pas responsable des d\u00e9gradations caus\u00e9es par les services postaux. Cependant, si vous constatez une d\u00e9t\u00e9rioration sur votre commande, n\u2019h\u00e9sitez pas \u00e0 me contacter. Pour plus d&#8217;informations concernant la r\u00e9tractation, veuillez consulter le point <strong>3.<\/strong><\/span><\/p>\n<p><span><\/span><\/p>\n<h3>8. Propri\u00e9t\u00e9 i<span>ntellectuelle des produits et du site<\/span><\/h3>\n<p>Toutes les r\u00e9alisations, les visuels et produits ainsi que tous les \u00e9l\u00e9ments du site &#8220;Mwoaa.com&#8221; (textes, \u00e9l\u00e9ments graphiques et photographiques) sont prot\u00e9g\u00e9s par les droits d\u2019auteur et de la propri\u00e9t\u00e9 intellectuelle.\u00a0<span>Tous les droits concernant l\u2019int\u00e9gralit\u00e9 des produits et r\u00e9alisations publi\u00e9s pour leur affichage et leur promotion sur le site &#8220;Mwoaa.com&#8221;, sur les r\u00e9seaux sociaux ou par d\u2019autres circuits de distribution, sont exclusivement r\u00e9serv\u00e9s \u00e0 &#8220;Mwoaa.com&#8221;<\/span><\/p>\n<p><span>Sauf autorisation formelle \u00e9crite pr\u00e9alable, toutes reproductions, utilisations ou modifications, par quelconque proc\u00e9d\u00e9 et\/ou support que ce soit, partielle ou totale d\u2019une cr\u00e9ation<\/span>, autre que la consultation individuelle et priv\u00e9e, sont interdites.<\/p>\n<p>Les diff\u00e9rentes licences qui peuvent \u00eatre illustr\u00e9es ou repr\u00e9sent\u00e9es sur le site &#8220;Mwoaa.com&#8221; restent la propri\u00e9t\u00e9 enti\u00e8re des ayants droits.<\/p>\n<h3>9. Donn\u00e9es personnelles<\/h3>\n<p>&#8220;Mwoaa.com&#8221; n\u2019utilisera vos donn\u00e9es personnelles que pour les transmettre aux organismes de paiement, garantir la livraison des commandes, l&#8217;envoie des factures, des devis ou des commandes personnalisables. Des cookies peuvent \u00eatre int\u00e9gr\u00e9s afin de faciliter la navigation et l\u2019utilisation du site &#8220;Mwoaa.com&#8221;. Elles ne seront pas transmises \u00e0 des tiers \u00e0 des fins commerciales.\u00a0Conform\u00e9ment \u00e0 la loi du 6 janvier 1978, vous disposez d&#8217;un droit de rectification et d&#8217;opposition aux informations nominatives et aux donn\u00e9es personnelles vous concernant sur le site &#8220;Mwoaa.com&#8221;.<\/p>\n<h3>10. Droit applicable<\/h3>\n<p>Les pr\u00e9sentes conditions g\u00e9n\u00e9rales de vente sont soumises \u00e0 la loi fran\u00e7aise. <span>Tout diff\u00e9rent ou litige qui viendraient \u00e0 se produire entre l\u2019acheteur et le vendeur sera tranch\u00e9 par voie d\u2019arbitrage<\/span><span>. Le droit applicable est le droit fran\u00e7ais.<\/span><\/p>\n<h3>11. Contact<\/h3>\n<p>Les questions concernant les conditions g\u00e9n\u00e9rales de vente doivent \u00eatre envoy\u00e9es \u00e0:<br \/>mwoaa.collection@gmail.com<\/p>\n<p><span><\/span><\/p>\n<p>[\/et_pb_text][\/et_pb_column][\/et_pb_row][\/et_pb_section]<\/p>\n","protected":false},"excerpt":{"rendered":"<p>Conditions g\u00e9n\u00e9rales de venteLes pr\u00e9sentes conditions g\u00e9n\u00e9rales de vente ont pour objet de d\u00e9finir les droits et obligations des parties dans le cadre de la vente en ligne des produits propos\u00e9s sur le site &#8220;Mwoaa.com&#8221;, appartenant\u00a0\u00e0 l\u2019entreprise Drouillot Marjorie EI, 91000 Evry, France. En visitant et\/ou en achetant vous acceptez les pr\u00e9sentes conditions g\u00e9n\u00e9rales de [&hellip;]<\/p>\n","protected":false},"author":1,"featured_media":0,"parent":0,"menu_order":0,"comment_status":"closed","ping_status":"open","template":"","meta":{"_et_pb_use_builder":"on","_et_pb_old_content":"<!-- wp:heading -->\r\n<h2>Who we are<\/h2>\r\n<!-- \/wp:heading --><!-- wp:paragraph -->\r\n<p>Our website address is: https:\/\/mwoaa.com.<\/p>\r\n<!-- \/wp:paragraph --><!-- wp:heading -->\r\n<h2>What personal data we collect and why we collect it<\/h2>\r\n<!-- \/wp:heading --><!-- wp:heading {\"level\":3} -->\r\n<h3>Comments<\/h3>\r\n<!-- \/wp:heading --><!-- wp:paragraph -->\r\n<p>When visitors leave comments on the site we collect the data shown in the comments form, and also the visitor\u2019s IP address and browser user agent string to help spam detection.<\/p>\r\n<!-- \/wp:paragraph --><!-- wp:paragraph -->\r\n<p>An anonymized string created from your email address (also called a hash) may be provided to the Gravatar service to see if you are using it. The Gravatar service privacy policy is available here: https:\/\/automattic.com\/privacy\/. After approval of your comment, your profile picture is visible to the public in the context of your comment.<\/p>\r\n<!-- \/wp:paragraph --><!-- wp:heading {\"level\":3} -->\r\n<h3>Media<\/h3>\r\n<!-- \/wp:heading --><!-- wp:paragraph -->\r\n<p>If you upload images to the website, you should avoid uploading images with embedded location data (EXIF GPS) included. Visitors to the website can download and extract any location data from images on the website.<\/p>\r\n<!-- \/wp:paragraph --><!-- wp:heading {\"level\":3} -->\r\n<h3>Contact forms<\/h3>\r\n<!-- \/wp:heading --><!-- wp:heading {\"level\":3} -->\r\n<h3>Cookies<\/h3>\r\n<!-- \/wp:heading --><!-- wp:paragraph -->\r\n<p>If you leave a comment on our site you may opt-in to saving your name, email address and website in cookies. These are for your convenience so that you do not have to fill in your details again when you leave another comment. These cookies will last for one year.<\/p>\r\n<!-- \/wp:paragraph --><!-- wp:paragraph -->\r\n<p>If you visit our login page, we will set a temporary cookie to determine if your browser accepts cookies. This cookie contains no personal data and is discarded when you close your browser.<\/p>\r\n<!-- \/wp:paragraph --><!-- wp:paragraph -->\r\n<p>When you log in, we will also set up several cookies to save your login information and your screen display choices. Login cookies last for two days, and screen options cookies last for a year. If you select \"Remember Me\", your login will persist for two weeks. If you log out of your account, the login cookies will be removed.<\/p>\r\n<!-- \/wp:paragraph --><!-- wp:paragraph -->\r\n<p>If you edit or publish an article, an additional cookie will be saved in your browser. This cookie includes no personal data and simply indicates the post ID of the article you just edited. It expires after 1 day.<\/p>\r\n<!-- \/wp:paragraph --><!-- wp:heading {\"level\":3} -->\r\n<h3>Embedded content from other websites<\/h3>\r\n<!-- \/wp:heading --><!-- wp:paragraph -->\r\n<p>Articles on this site may include embedded content (e.g. videos, images, articles, etc.). Embedded content from other websites behaves in the exact same way as if the visitor has visited the other website.<\/p>\r\n<!-- \/wp:paragraph --><!-- wp:paragraph -->\r\n<p>These websites may collect data about you, use cookies, embed additional third-party tracking, and monitor your interaction with that embedded content, including tracking your interaction with the embedded content if you have an account and are logged in to that website.<\/p>\r\n<!-- \/wp:paragraph --><!-- wp:heading {\"level\":3} -->\r\n<h3>Analytics<\/h3>\r\n<!-- \/wp:heading --><!-- wp:heading -->\r\n<h2>Who we share your data with<\/h2>\r\n<!-- \/wp:heading --><!-- wp:heading -->\r\n<h2>How long we retain your data<\/h2>\r\n<!-- \/wp:heading --><!-- wp:paragraph -->\r\n<p>If you leave a comment, the comment and its metadata are retained indefinitely. This is so we can recognize and approve any follow-up comments automatically instead of holding them in a moderation queue.<\/p>\r\n<!-- \/wp:paragraph --><!-- wp:paragraph -->\r\n<p>For users that register on our website (if any), we also store the personal information they provide in their user profile. All users can see, edit, or delete their personal information at any time (except they cannot change their username). Website administrators can also see and edit that information.<\/p>\r\n<!-- \/wp:paragraph --><!-- wp:heading -->\r\n<h2>What rights you have over your data<\/h2>\r\n<!-- \/wp:heading --><!-- wp:paragraph -->\r\n<p>If you have an account on this site, or have left comments, you can request to receive an exported file of the personal data we hold about you, including any data you have provided to us. You can also request that we erase any personal data we hold about you. This does not include any data we are obliged to keep for administrative, legal, or security purposes.<\/p>\r\n<!-- \/wp:paragraph --><!-- wp:heading -->\r\n<h2>Where we send your data<\/h2>\r\n<!-- \/wp:heading --><!-- wp:paragraph -->\r\n<p>Visitor comments may be checked through an automated spam detection service.<\/p>\r\n<!-- \/wp:paragraph --><!-- wp:heading -->\r\n<h2>Your contact information<\/h2>\r\n<!-- \/wp:heading --><!-- wp:heading -->\r\n<h2>Additional information<\/h2>\r\n<!-- \/wp:heading --><!-- wp:heading {\"level\":3} -->\r\n<h3>How we protect your data<\/h3>\r\n<!-- \/wp:heading --><!-- wp:heading {\"level\":3} -->\r\n<h3>What data breach procedures we have in place<\/h3>\r\n<!-- \/wp:heading --><!-- wp:heading {\"level\":3} -->\r\n<h3>What third parties we receive data from<\/h3>\r\n<!-- \/wp:heading --><!-- wp:heading {\"level\":3} -->\r\n<h3>What automated decision making and\/or profiling we do with user data<\/h3>\r\n<!-- \/wp:heading --><!-- wp:heading {\"level\":3} -->\r\n<h3>Industry regulatory disclosure requirements<\/h3>\r\n<!-- \/wp:heading -->","_et_gb_content_width":"","footnotes":""},"class_list":["post-3","page","type-page","status-publish","hentry"],"jetpack_sharing_enabled":true,"_links":{"self":[{"href":"https:\/\/mwoaa.com\/en\/wp-json\/wp\/v2\/pages\/3","targetHints":{"allow":["GET"]}}],"collection":[{"href":"https:\/\/mwoaa.com\/en\/wp-json\/wp\/v2\/pages"}],"about":[{"href":"https:\/\/mwoaa.com\/en\/wp-json\/wp\/v2\/types\/page"}],"author":[{"embeddable":true,"href":"https:\/\/mwoaa.com\/en\/wp-json\/wp\/v2\/users\/1"}],"replies":[{"embeddable":true,"href":"https:\/\/mwoaa.com\/en\/wp-json\/wp\/v2\/comments?post=3"}],"version-history":[{"count":18,"href":"https:\/\/mwoaa.com\/en\/wp-json\/wp\/v2\/pages\/3\/revisions"}],"predecessor-version":[{"id":5835,"href":"https:\/\/mwoaa.com\/en\/wp-json\/wp\/v2\/pages\/3\/revisions\/5835"}],"wp:attachment":[{"href":"https:\/\/mwoaa.com\/en\/wp-json\/wp\/v2\/media?parent=3"}],"curies":[{"name":"wp","href":"https:\/\/api.w.org\/{rel}","templated":true}]}}